{"id":296,"date":"2018-10-15T13:05:35","date_gmt":"2018-10-15T13:05:35","guid":{"rendered":"http:\/\/neuroreg.uniri.hr\/?page_id=296"},"modified":"2025-10-14T09:01:37","modified_gmt":"2025-10-14T09:01:37","slug":"publications","status":"publish","type":"page","link":"https:\/\/neuroreg.uniri.hr\/?page_id=296","title":{"rendered":"Publications"},"content":{"rendered":"<p><strong>\u2666<\/strong><strong> Ayar Z, Penedo M, Drake B, Shi J, Leitao SM, Krawczuk I, Miljkovic H, Radenovic A,\u00a0Ban, J., Cevher V, Fantner GE.<\/strong>\u00a0Deep-Learning-Assisted SICM for Enhanced Real-Time Imaging of Nanoscale Biological Dynamics. <em>Small Methods<\/em>.\u00a0<strong>2025<\/strong><strong>\u00a0<\/strong>Oct 13:e01080. <a href=\"https:\/\/doi.org\/10.1002\/smtd.202501080\">https:\/\/doi.org\/10.1002\/smtd.202501080<\/a><\/p>\n<p><strong>\u2666 <\/strong><strong>Karabati\u0107 Knezovi\u0107 S, Knezovi\u0107 D, Ban J, Matana A, Puizina Ivi\u0107 N, Glavina Durdov M, Mer\u0107ep M, Drmi\u0107 Hofman I. <\/strong>Immunological Landscape of Non-Melanoma Skin Neoplasms: Role of CTLA4+IFN-\u03b3+ Lymphocytes in Tumor Microenvironment Suppression.<em> Medicina.<\/em><strong> 2025; 61(2):330.<\/strong> <a href=\"https:\/\/doi.org\/10.3390\/medicina61020330\">https:\/\/doi.org\/10.3390\/medicina61020330<\/a><\/p>\n<p><strong><b>\u2666 <\/b>Bari\u010devi\u0107 Z, Pongrac M, Ivani\u010di\u0107 M, Hre\u0161\u010dak H, Tomljanovi\u0107 I, Petrovi\u0107 A, Cojoc D, Mladinic M, Ban J.<\/strong>\u00a0SOX2 and SOX9 Expression in Developing Postnatal Opossum (<em>Monodelphis domestica<\/em>) Cortex. <em>Biomolecules <\/em>2024 Jan 5;14(1):70. <a href=\"https:\/\/www.mdpi.com\/2218-273X\/14\/1\/70\">doi: 10.3390\/biom14010070<\/a><\/p>\n<p><b>\u2666 Bari\u010devi\u0107 Z, Ayar Z, Leitao SM, Mladinic M, Fantner GE, Ban J.<\/b>\u00a0Label-Free Long-Term Methods for Live Cell Imaging of Neurons: New Opportunities.\u00a0<em>Biosensors<\/em>. 2023; 13(3):404. <a href=\"https:\/\/www.mdpi.com\/2079-6374\/13\/3\/404\">doi: 10.3390\/bios13030404<\/a><\/p>\n<p><b>\u2666 Mazzone GL, Coronel MF, Mladinic M, S\u00e1mano C. <\/b>An update to pain management after spinal cord injury: from pharmacology to circRNAs.\u00a0<em>Rev Neurosci.<\/em> 2022 Nov 10. <a href=\"https:\/\/www.degruyter.com\/document\/doi\/10.1515\/revneuro-2022-0089\/html\">doi: 10.1515\/revneuro-2022-0089<\/a>.<\/p>\n<p><strong>\u2666 Glava\u010d D, Mladini\u0107 M, Ban J, Mazzone GL, S\u00e1mano C, Tomljanovi\u0107 I, Jezernik G and Ravnik-Glava\u010d M<\/strong>. The potential connection between molecular changes and biomarkers related to ALS and the development and regeneration of CNS. <em>Int J Mol Sci<\/em> 2022. 23(19), 11360; <a href=\"https:\/\/www.mdpi.com\/1422-0067\/23\/19\/11360\">doi: 10.3390\/ijms231911360<\/a><\/p>\n<p><strong>\u2666 Petrovi\u0107 A, Ban J, Ivani\u010di\u0107 M, Tomljanovi\u0107 I, Mladinic M.<\/strong> The role of ATF3 in neuronal differentiation and development of neuronal networks in opossum postnatal cortical cultures. <em>Int J Mol Sci.<\/em> 2022 Apr 29;23(9):4964. <a href=\"https:\/\/www.mdpi.com\/1422-0067\/23\/9\/4964\">doi: 10.3390\/ijms23094964<\/a>.<\/p>\n<p>ACKNOWLEDGMENTS:\u00a0The experimental work has been conducted on equipment financed by the European Regional Development Fund (ERDF) within the project \u2018\u2018Research Infrastructure for Campus\u2010based Laboratories at University of Rijeka\u2019\u2019 (RC.2.2.06\u20100001), the Croatian Science Foundation (Hrvatska Zaklada za Znanost; CSF) grant IP\u20102016\u201006\u20107060, the financial support from the University of Rijeka (uniri\u2010biomed\u201018\u2010258\u20106427, uniri\u2010prirod\u201018\u2010290\u20101463, and uniri\u2010sp\u2010biomed\u201019\u201050\u20101560), and the International Centre for Genetic Engineering and Biotechnology (ICGEB), Grant\/Award Number: CRP\/CRO14\u201003.<\/p>\n<p><strong>\u2666 Tomljanovi\u0107 I, Petrovi\u0107 A, Ban J and Mladinic M. <\/strong>Proteomic analysis of opossum <em>Monodelphis domestica<\/em> spinal cord reveals the changes of proteins related to neurodegenerative diseases during developmental period when neuroregeneration stops being possible. <em>Biochemical and Biophysical Research Communications<\/em>. 2022 Jan 8;587:85-91. <a href=\"https:\/\/www.sciencedirect.com\/science\/article\/pii\/S0006291X21016041?via%3Dihub\">doi: 10.1016\/j.bbrc.2021.11.078<\/a><\/p>\n<p>ACKNOWLEDGMENTS:\u00a0This experimental work has been conducted on equipment financed by the European Regional Development Fund (ERDF) within the project \u2018\u2018Research Infrastructure for Campus-based Laboratories at University of Rijeka\u2019\u2019 (RC.2.2.06-0001), the Croatian Science Foundation (Hrvatska Zaklada za Znanost; CSF) grant IP-2016-06-7060, the financial support from the University of Rijeka (18.12.2.1.01, 18-258-6427 and 18-290-1463), and the International Centre for Genetic Engineering and Biotechnology (ICGEB), Grant\/Award Number: CRP\/CRO14-03. We greatly thank prof. Ma\u010dek and dr. Veli\u0107 at the Proteome Center Tuebingen, Germany for performing MS experiments and the animal house facility at the University of Trieste for the housing of the opossum colony.<\/p>\n<p><strong>\u2666 Ban J and Mladinic M.<\/strong> <em>Monodelphis domestica<\/em>: a new source of mammalian primary neurons\u00a0<em>in vitro<\/em>, <em>Neural Regeneration Research<\/em>, 2022 Aug;17(8):1726-1727. <a href=\"https:\/\/journals.lww.com\/nrronline\/fulltext\/2022\/08000\/monodelphis_domestica__a_new_source_of_mammalian.15.aspx\">doi: 10.4103\/1673-5374.332139<\/a><\/p>\n<p>ACKNOWLEDGMENTS:\u00a0The present work has been conducted on equipment financed by the European Regional Development Fund (ERDF) within the project \u201cResearch Infrastructure for Campus-based Laboratories at University of Rijeka\u201d (RC.2.2.06-0001), the Croatian Science Foundation (CSF) grant IP-2016-06-7060, the financial support from the University of Rijeka (18.12.2.1.01, 18-258-6427 and 18-290-1463) and from the International Centre for Genetic Engineering and Biotechnology (ICGEB), Grant\/Award Number: CRP\/CRO14-03 (to MM).<\/p>\n<p><b>\u2666 S\u00e1mano C, Mladinic M, Mazzone GL<\/b> (2021). Circular RNAs: The Novel Actors in Pathophysiology of Spinal Cord Injury. <em>Frontiers in Integrative Neuroscience<\/em>, 2021 Oct 14;15:758340. <a href=\"https:\/\/www.frontiersin.org\/journals\/integrative-neuroscience\/articles\/10.3389\/fnint.2021.758340\/full\">doi: 10.3389\/fnint.2021.758340<\/a><\/p>\n<p>ACKNOWLEDGEMENTS: CS was supported by the Departamento de Ciencias Naturales (DCN), de la Divisi\u00f3n de Ciencias Naturales e Ingenier\u00eda (DCNI) de la UAM-Cuajimalpa. MM was supported by Croatian Science Foundation grant IP-2016-06-7060 and UniRi research support uniri-biomed-18-258-1427 and prirod-sp-20-38-2687. GM was supported by Universidad Austral, CONICET, and Regular Associate Scheme of the Abdus Salam International Centre for Theoretical Physics (ICTP).<\/p>\n<p style=\"font-weight: 400;\"><strong>\u2666 Petrovi\u0107 A, Ban J, Tomljanovi\u0107 I, Pongrac M, Ivani\u010di\u0107 M, Mika\u0161inovi\u0107 S, Mladinic<\/strong>. Establishment of long-term primary cortical neuronal cultures from neonatal opossum <em>Monodelphis domestica<\/em>. Frontiers in Cellular Neuroscience. <em>Front Cell Neurosci<\/em>. 2021 Mar 18;15:661492. <a href=\"https:\/\/www.frontiersin.org\/journals\/integrative-neuroscience\/articles\/10.3389\/fnint.2021.758340\/full\">doi: 10.3389\/fncel.2021.661492<\/a><\/p>\n<p style=\"font-weight: 400;\">ACKNOWLEDGMENTS: The experimental work has been conducted on equipment financed by the European Regional Development Fund (ERDF) within the project \u201cResearch Infrastructure for Campus-based Laboratories at University of Rijeka\u201d (RC.2.2.06-0001), the Croatian Science Foundation (CSF) grant IP-2016-06-7060, the financial support from the University of Rijeka (18.12.2.1.01, 18-258-6427 and 18-290-1463) and from the International Center for Genetic Engineering and Biotechnology (ICGEB), Grant\/Award Number: CRP\/CRO14-03.<\/p>\n<p><strong>\u2666 Ban, J., &amp; Mladinic, M.<\/strong> Spinal cord neural stem cells heterogeneity in postnatal development. <em>STEMedicine<\/em>, 2020 1(1). <a href=\"https:\/\/stemedicine.org\/index.php\/stem\/article\/view\/19\">https:\/\/doi.org\/10.37175\/stemedicine.v1i1.19<\/a><\/p>\n<p>ACKNOWLEDGMENTS:\u00a0The \u00a0experimental \u00a0work \u00a0has \u00a0been \u00a0conducted \u00a0on \u00a0equipment \u00a0financed \u00a0by \u00a0the \u00a0European \u00a0Regional \u00a0Development \u00a0Fund \u00a0(ERDF) \u00a0within \u00a0the \u00a0project \u00a0\u201cResearch \u00a0Infrastructure \u00a0for \u00a0Campus-based \u00a0Laboratories \u00a0at \u00a0University \u00a0of \u00a0Rijeka\u201d \u00a0(RC.2.2.06-0001), \u00a0the \u00a0Croatian \u00a0Science \u00a0Foundation \u00a0(CSF) \u00a0grant \u00a0IP-2016-06-7060 \u00a0and \u00a0the financial support from the University of Rijeka (18.12.2.1.01, 18-258-6427 and 18-290-1463).<\/p>\n<p><strong>\u2666 Ban J., Mladini\u0107 Pejatovi\u0107 M.<\/strong> Nanotechnology Approaches for Autologous Stem Cell Manipulation in Personalized Regenerative Medicine. In: Bodiroga-Vukobrat N., Rukavina D., et al. (eds) Personalized Medicine in Healthcare Systems. Europeanization and Globalization, vol 5. Springer, Cham. 2019;pp 45-54<br \/>\n<a href=\"https:\/\/link.springer.com\/chapter\/10.1007\/978-3-030-16465-2_4\">https:\/\/doi.org\/10.1007\/978-3-030-16465-2_4<\/a><br \/>\n<span style=\"color: #ffffff;\">.<\/span><br \/>\n<strong>\u2666 Ban J, S\u00e1mano C, Mladinic M and Munitic I.<\/strong> Glia in amyotrophic lateral sclerosis and spinal cord injury: common therapeutic targets.\u00a0<em>Croat Med J. <\/em>2019 Apr 30;60(2):109-120. <a href=\"http:\/\/www.cmj.hr\/2019\/60\/2\/31044582.htm\">doi: 10.3325\/cmj.2019.60.109<\/a><\/p>\n<p>ACKNOWLEDGMENTS: This work was funded by the Croatian Science Foundation (CSF) grants to IM (IP-2018-01-8563) and MM (IP-2016-06-7060), the financial support from the University of Rijeka (18-211-1369 to IM; 18-258-6427 to MM and 18-290-1463 to JB), and the financial support from the Natural Science Department (DCN) of the Autonomous Metropolitan University, Cuajimalpa (UAM-C), Mexico City to CS. The Department of Biotechnology was equipped by European Regional Development Fund (ERDF) within the project \u201cResearch Infrastructure for Campus-based Laboratories at University of Rijeka.\u201d<\/p>\n<p><span style=\"color: #ffffff;\">..<\/span><br \/>\n<strong>\u2666 Petrovi\u0107 A, Kaur J, Tomljanovi\u0107 I, Nistri A, Mladinic M.<\/strong> Pharmacological induction of Heat Shock Protein 70 by celastrol protects motoneurons from excitotoxicity in rat spinal cord in vitro. <em>European Journal of Neuroscience. <\/em>2019 Jan;49(2):215-231. <a href=\"https:\/\/onlinelibrary.wiley.com\/doi\/10.1111\/ejn.14218\">doi: 10.1111\/ejn.14218<\/a><\/p>\n<p>ACKNOWLEDGMENTS: This work was supported by a SISSA intramural grant to A. Nistri, the ICGEB Research Grant CRP\/CRO14-03 to M. Mladini\u0107 and Croatian Science Foundation Research Grant IP-2016-06-7060 to M. Mladini\u0107. Microscopy infrastructure was provided by the project RISK \u201cDevelopment of University of Rijeka campus laboratory research infrastructure\u201d financed by the European Regional Development Fund.<br \/>\n<span style=\"color: #ffffff;\">.<\/span><br \/>\n<strong>\u2666 Petrovic A, Veeraraghavana P, Olivieri D, Nistri A, Jurcic N, Mladinic M.<\/strong><br \/>\nLoss of inhibitory synapses causes locomotor network dysfunction of the rat spinal cord during prolonged maintenance in vitro.<em> Brain Research,<\/em> 2019 May 1;1710:8-21. <a href=\"https:\/\/www.sciencedirect.com\/science\/article\/abs\/pii\/S0006899318306474?via%3Dihub\">doi: 10.1016\/j.brainres.2018.12.029<\/a><\/p>\n<p>ACKNOWLEDGMENTS: This work was supported by a SISSA intramural grant to AN, the ICGEB Research Grant CRP\/CRO14-03 to MM and HRZZ Research Grant IP-2016-06-7060 to MM. Microscopy infrastructure of the University of Rijeka was provided by the project RISK \u201cDevelopment of University of Rijeka Campus Laboratory Research Infrastructure\u201d financed by the European Regional Development Fund. We thank Dr. Igor Pongrac, Sales representative Croatia, Life Science, Merck for helping us to collect all the Certificates of Analysis\/Conformance for the\u00a0antibodies used in this study.<\/p>\n","protected":false},"excerpt":{"rendered":"<p>\u2666 Ayar Z, Penedo M, Drake B, Shi J, Leitao SM, Krawczuk I, Miljkovic H, Radenovic A,\u00a0Ban, J., Cevher V, Fantner GE.\u00a0Deep-Learning-Assisted SICM for Enhanced Real-Time Imaging of Nanoscale Biological Dynamics. Small Methods.\u00a02025\u00a0Oct 13:e01080. https:\/\/doi.org\/10.1002\/smtd.202501080 \u2666 Karabati\u0107 Knezovi\u0107 S, Knezovi\u0107 D, Ban J, Matana A, Puizina Ivi\u0107 N, Glavina Durdov M, Mer\u0107ep M, Drmi\u0107 Hofman [&hellip;]<\/p>\n","protected":false},"author":2,"featured_media":0,"parent":0,"menu_order":5,"comment_status":"closed","ping_status":"closed","template":"","meta":[],"_links":{"self":[{"href":"https:\/\/neuroreg.uniri.hr\/index.php?rest_route=\/wp\/v2\/pages\/296"}],"collection":[{"href":"https:\/\/neuroreg.uniri.hr\/index.php?rest_route=\/wp\/v2\/pages"}],"about":[{"href":"https:\/\/neuroreg.uniri.hr\/index.php?rest_route=\/wp\/v2\/types\/page"}],"author":[{"embeddable":true,"href":"https:\/\/neuroreg.uniri.hr\/index.php?rest_route=\/wp\/v2\/users\/2"}],"replies":[{"embeddable":true,"href":"https:\/\/neuroreg.uniri.hr\/index.php?rest_route=%2Fwp%2Fv2%2Fcomments&post=296"}],"version-history":[{"count":36,"href":"https:\/\/neuroreg.uniri.hr\/index.php?rest_route=\/wp\/v2\/pages\/296\/revisions"}],"predecessor-version":[{"id":709,"href":"https:\/\/neuroreg.uniri.hr\/index.php?rest_route=\/wp\/v2\/pages\/296\/revisions\/709"}],"wp:attachment":[{"href":"https:\/\/neuroreg.uniri.hr\/index.php?rest_route=%2Fwp%2Fv2%2Fmedia&parent=296"}],"curies":[{"name":"wp","href":"https:\/\/api.w.org\/{rel}","templated":true}]}}