{"id":300,"date":"2018-11-21T18:18:21","date_gmt":"2018-11-21T18:18:21","guid":{"rendered":"http:\/\/neuroreg.uniri.hr\/?page_id=300"},"modified":"2025-02-28T12:01:00","modified_gmt":"2025-02-28T12:01:00","slug":"students","status":"publish","type":"page","link":"https:\/\/neuroreg.uniri.hr\/?page_id=300","title":{"rendered":"Students"},"content":{"rendered":"<h3><b><u>MSc students<\/u><\/b><\/h3>\n<div>\n<p><strong>Lucija Soldo <\/strong>(graduate program \u201cBiotechnology in medicine\u201d, University of Rijeka, Faculty of Biotechnology and Drug Development)<\/p>\n<\/div>\n<div><\/div>\n<h3><b><u>BSc students<\/u><\/b><\/h3>\n<div>\n<p><b>Lara Bani\u0107<\/b><span style=\"font-weight: 400;\">\u00a0<\/span><\/p>\n<p><strong>Mia Jurkovi\u0107<\/strong><\/p>\n<p><b>Elena Stane\u0161i\u0107<\/b><span style=\"font-weight: 400;\">\u00a0<\/span><\/p>\n<\/div>\n<div><\/div>\n","protected":false},"excerpt":{"rendered":"<p>MSc students Lucija Soldo (graduate program \u201cBiotechnology in medicine\u201d, University of Rijeka, Faculty of Biotechnology and Drug Development) BSc students Lara Bani\u0107\u00a0 Mia Jurkovi\u0107 Elena Stane\u0161i\u0107\u00a0<\/p>\n","protected":false},"author":2,"featured_media":0,"parent":46,"menu_order":2,"comment_status":"closed","ping_status":"closed","template":"","meta":[],"_links":{"self":[{"href":"https:\/\/neuroreg.uniri.hr\/index.php?rest_route=\/wp\/v2\/pages\/300"}],"collection":[{"href":"https:\/\/neuroreg.uniri.hr\/index.php?rest_route=\/wp\/v2\/pages"}],"about":[{"href":"https:\/\/neuroreg.uniri.hr\/index.php?rest_route=\/wp\/v2\/types\/page"}],"author":[{"embeddable":true,"href":"https:\/\/neuroreg.uniri.hr\/index.php?rest_route=\/wp\/v2\/users\/2"}],"replies":[{"embeddable":true,"href":"https:\/\/neuroreg.uniri.hr\/index.php?rest_route=%2Fwp%2Fv2%2Fcomments&post=300"}],"version-history":[{"count":20,"href":"https:\/\/neuroreg.uniri.hr\/index.php?rest_route=\/wp\/v2\/pages\/300\/revisions"}],"predecessor-version":[{"id":699,"href":"https:\/\/neuroreg.uniri.hr\/index.php?rest_route=\/wp\/v2\/pages\/300\/revisions\/699"}],"up":[{"embeddable":true,"href":"https:\/\/neuroreg.uniri.hr\/index.php?rest_route=\/wp\/v2\/pages\/46"}],"wp:attachment":[{"href":"https:\/\/neuroreg.uniri.hr\/index.php?rest_route=%2Fwp%2Fv2%2Fmedia&parent=300"}],"curies":[{"name":"wp","href":"https:\/\/api.w.org\/{rel}","templated":true}]}}