{"id":46,"date":"2018-03-27T09:40:18","date_gmt":"2018-03-27T09:40:18","guid":{"rendered":"http:\/\/neuroreg.uniri.hr\/?page_id=46"},"modified":"2024-07-08T08:31:05","modified_gmt":"2024-07-08T08:31:05","slug":"about-us","status":"publish","type":"page","link":"https:\/\/neuroreg.uniri.hr\/?page_id=46","title":{"rendered":"About us"},"content":{"rendered":"<p><strong>Laboratory for Molecular Neurobiology<\/strong> researches the mammalian nervous system, especially the molecular and cellular mechanisms of neuroregeneration and neurodegeneration. In our research we use <em>in vitro<\/em>\u00a0unique animal models (opossum <em>Monodelphis domestica<\/em> which can fully regenerate damaged spinal cord in the first two weeks of its life), neural stem cell cultures, novel nanomaterials for their growth, and cutting-edge microscopy techniques.<\/p>\n<p><strong>Laboratorij<\/strong> za molekularnu neurobiologiju bavi se istra\u017eivanjima \u017eiv\u010danog sustava sisavaca, a posebno molekularnim i stani\u010dnim osnovama neuroregeneracije i neurodegeneracije. U istra\u017eivanjima koristimo\u00a0<i>in vitro<\/i>\u00a0\u017eivotinjske modele, od kojih su neki jedinstveni (oposum\u00a0<i>Monodelphis domestica<\/i> koji u prva dva tjedna u potpunosti mo\u017ee obnoviti o\u0161te\u0107enu le\u0111nu mo\u017edinu), kulture \u017eiv\u010danih mati\u010dnih stanica, nove nanomaterijale za njihov uzgoj, te najmodernije tehnike mikroskopiranja.<\/p>\n","protected":false},"excerpt":{"rendered":"<p>Laboratory for Molecular Neurobiology researches the mammalian nervous system, especially the molecular and cellular mechanisms of neuroregeneration and neurodegeneration. In our research we use in vitro\u00a0unique animal models (opossum Monodelphis domestica which can fully regenerate damaged spinal cord in the first two weeks of its life), neural stem cell cultures, novel nanomaterials for their growth, [&hellip;]<\/p>\n","protected":false},"author":2,"featured_media":0,"parent":0,"menu_order":0,"comment_status":"closed","ping_status":"closed","template":"","meta":[],"_links":{"self":[{"href":"https:\/\/neuroreg.uniri.hr\/index.php?rest_route=\/wp\/v2\/pages\/46"}],"collection":[{"href":"https:\/\/neuroreg.uniri.hr\/index.php?rest_route=\/wp\/v2\/pages"}],"about":[{"href":"https:\/\/neuroreg.uniri.hr\/index.php?rest_route=\/wp\/v2\/types\/page"}],"author":[{"embeddable":true,"href":"https:\/\/neuroreg.uniri.hr\/index.php?rest_route=\/wp\/v2\/users\/2"}],"replies":[{"embeddable":true,"href":"https:\/\/neuroreg.uniri.hr\/index.php?rest_route=%2Fwp%2Fv2%2Fcomments&post=46"}],"version-history":[{"count":6,"href":"https:\/\/neuroreg.uniri.hr\/index.php?rest_route=\/wp\/v2\/pages\/46\/revisions"}],"predecessor-version":[{"id":650,"href":"https:\/\/neuroreg.uniri.hr\/index.php?rest_route=\/wp\/v2\/pages\/46\/revisions\/650"}],"wp:attachment":[{"href":"https:\/\/neuroreg.uniri.hr\/index.php?rest_route=%2Fwp%2Fv2%2Fmedia&parent=46"}],"curies":[{"name":"wp","href":"https:\/\/api.w.org\/{rel}","templated":true}]}}